{"id":167,"date":"2012-06-26T14:31:37","date_gmt":"2012-06-26T17:31:37","guid":{"rendered":"http:\/\/www.canal6.com.br\/site\/?page_id=7"},"modified":"2021-05-06T13:20:01","modified_gmt":"2021-05-06T16:20:01","slug":"projeto","status":"publish","type":"page","link":"https:\/\/canal6.com.br\/aeita\/projeto\/","title":{"rendered":"O Projeto"},"content":{"rendered":"<p><img loading=\"lazy\" decoding=\"async\" class=\"alignleft wp-image-278 size-medium\" title=\"Capa\" src=\"https:\/\/canal6.com.br\/aeita\/wp-content\/uploads\/2012\/06\/Capa-AEITA-3D2-220x300.png\" alt=\"\" width=\"220\" height=\"300\" srcset=\"https:\/\/canal6.com.br\/aeita\/wp-content\/uploads\/2012\/06\/Capa-AEITA-3D2-220x300.png 220w, https:\/\/canal6.com.br\/aeita\/wp-content\/uploads\/2012\/06\/Capa-AEITA-3D2-110x150.png 110w, https:\/\/canal6.com.br\/aeita\/wp-content\/uploads\/2012\/06\/Capa-AEITA-3D2.png 367w\" sizes=\"auto, (max-width: 220px) 100vw, 220px\" \/><\/p>\n<p>Cada iteano tem pelo menos uma hist\u00f3ria para contar, dos seus tempos de escola. Foi a partir dessa premissa que surgiu o projeto editorial desta nova fase de Hist\u00f3rias para Contar, Amigos para Encontrar, a tradicional publica\u00e7\u00e3o da <a href=\"http:\/\/aeita.com.br\/\" target=\"_blank\" rel=\"noopener noreferrer\">Associa\u00e7\u00e3o dos Engenheiros do ITA (AEITA)<\/a>.<\/p>\n<p>O conjunto de relatos de alunos das v\u00e1rias turmas formadas na escola presenteia o leitor com uma vis\u00e3o panor\u00e2mica de aspectos culturais e hist\u00f3ricos do Instituto Tecnol\u00f3gico de Aeron\u00e1utica, sob a \u00f3tica de quem ali viveu durante cinco anos.<\/p>\n<p><em style=\"text-align: center;\"><strong><img loading=\"lazy\" decoding=\"async\" class=\"alignright wp-image-279 size-medium\" title=\"Livro\" src=\"https:\/\/canal6.com.br\/aeita\/wp-content\/uploads\/2012\/06\/mockup-aeita2-300x210.png\" alt=\"\" width=\"300\" height=\"210\" srcset=\"https:\/\/canal6.com.br\/aeita\/wp-content\/uploads\/2012\/06\/mockup-aeita2-300x210.png 300w, https:\/\/canal6.com.br\/aeita\/wp-content\/uploads\/2012\/06\/mockup-aeita2-150x105.png 150w, https:\/\/canal6.com.br\/aeita\/wp-content\/uploads\/2012\/06\/mockup-aeita2.png 700w\" sizes=\"auto, (max-width: 300px) 100vw, 300px\" \/>Hist\u00f3rias para Contar, Amigos para Encontrar<\/strong><\/em><span style=\"text-align: center;\"> n\u00e3o \u00e9 um livro sobre a hist\u00f3ria do ITA. \u00c9 um livro das hist\u00f3rias contadas pelos iteanos. Este primeiro volume abrange o per\u00edodo de 1950 a 1979 \u2013 tr\u00eas d\u00e9cadas de grande efervesc\u00eancia econ\u00f4mica, pol\u00edtica e cultural no pa\u00eds, com reflexos intensos no cotidiano do ITA e na trajet\u00f3ria de seus estudantes.<\/span><\/p>\n<p>Em 2013, ser\u00e1 lan\u00e7ado o segundo volume da publica\u00e7\u00e3o, com hist\u00f3rias das turmas de 1980 at\u00e9 os dias atuais.<\/p>\n<p>&nbsp;<\/p>\n<div class=\"section-break big\"><\/div>\n<p>&nbsp;<\/p>\n<h1>Expediente<\/h1>\n<p><strong>Coordena\u00e7\u00e3o do projeto<\/strong><br \/>\nAna Paula Soares<\/p>\n<p><strong>Projeto editorial, organiza\u00e7\u00e3o, edi\u00e7\u00e3o e produ\u00e7\u00e3o de textos<\/strong><br \/>\nAna Paula Soares<\/p>\n<p><strong>Entrevistas e pesquisas bibliogr\u00e1fica e iconogr\u00e1fica<\/strong><br \/>\nCamila Delmondes<\/p>\n<p><strong>Revis\u00e3o<\/strong><br \/>\nDonatila Pinski<\/p>\n<p><strong>Fotos&nbsp;<\/strong><br \/>\nLucas Lacaz Ruiz\/A13<br \/>\nAcervo da Biblioteca do ITA<\/p>\n<p><strong>Design<\/strong><br \/>\nCanal 6 Editora |&nbsp;<a href=\"https:\/\/www.canal6editora.com.br\" target=\"_blank\" rel=\"noopener noreferrer\">www.canal6editora.com.br<\/a><\/p>\n","protected":false},"excerpt":{"rendered":"<p>Cada iteano tem pelo menos uma hist\u00f3ria para contar, dos seus tempos de escola. Foi a partir dessa premissa que surgiu o projeto editorial desta nova fase de Hist\u00f3rias para Contar, Amigos para Encontrar, a tradicional publica\u00e7\u00e3o da Associa\u00e7\u00e3o dos Engenheiros do ITA (AEITA). O conjunto de relatos de alunos das v\u00e1rias turmas formadas na&#8230;<\/p>\n","protected":false},"author":2,"featured_media":0,"parent":0,"menu_order":1,"comment_status":"closed","ping_status":"closed","template":"","meta":{"ngg_post_thumbnail":0,"footnotes":""},"class_list":["post-167","page","type-page","status-publish","hentry"],"_links":{"self":[{"href":"https:\/\/canal6.com.br\/aeita\/wp-json\/wp\/v2\/pages\/167","targetHints":{"allow":["GET"]}}],"collection":[{"href":"https:\/\/canal6.com.br\/aeita\/wp-json\/wp\/v2\/pages"}],"about":[{"href":"https:\/\/canal6.com.br\/aeita\/wp-json\/wp\/v2\/types\/page"}],"author":[{"embeddable":true,"href":"https:\/\/canal6.com.br\/aeita\/wp-json\/wp\/v2\/users\/2"}],"replies":[{"embeddable":true,"href":"https:\/\/canal6.com.br\/aeita\/wp-json\/wp\/v2\/comments?post=167"}],"version-history":[{"count":26,"href":"https:\/\/canal6.com.br\/aeita\/wp-json\/wp\/v2\/pages\/167\/revisions"}],"predecessor-version":[{"id":375,"href":"https:\/\/canal6.com.br\/aeita\/wp-json\/wp\/v2\/pages\/167\/revisions\/375"}],"wp:attachment":[{"href":"https:\/\/canal6.com.br\/aeita\/wp-json\/wp\/v2\/media?parent=167"}],"curies":[{"name":"wp","href":"https:\/\/api.w.org\/{rel}","templated":true}]}}