{"id":1431,"date":"2024-06-11T12:22:11","date_gmt":"2024-06-11T15:22:11","guid":{"rendered":"https:\/\/canal6.com.br\/livraria\/?page_id=1431"},"modified":"2024-06-13T14:48:55","modified_gmt":"2024-06-13T17:48:55","slug":"livros-semeando-autores","status":"publish","type":"page","link":"https:\/\/canal6.com.br\/livraria\/livros-semeando-autores\/","title":{"rendered":"Semeando Autores"},"content":{"rendered":"\n<h2 class=\"wp-block-heading\"> <\/h2>\n\n\n<div class=\"woocommerce columns-4 \">\r\n<ul class=\"products oceanwp-row clr grid tablet-col tablet-2-col mobile-col mobile-1-col infinite-scroll-wrap\">\r\n<li class=\"entry has-media col span_1_of_4 owp-content-center item-entry owp-thumbs-layout-horizontal owp-btn-big owp-tabs-layout-horizontal has-no-thumbnails product type-product post-3178 status-publish first instock product_cat-semeandoautores has-post-thumbnail shipping-taxable purchasable product-type-simple\">\n\t<div class=\"product-inner clr\">\r\n\t<div class=\"woo-entry-image clr\">\r\n\t\t<a href=\"https:\/\/canal6.com.br\/livraria\/produto\/livros-colegio-santa-teresinha-santo-antonio-da-patrulha-rs\/\" class=\"woocommerce-LoopProduct-link\"><img loading=\"lazy\" decoding=\"async\" width=\"265\" height=\"331\" src=\"https:\/\/canal6.com.br\/livraria\/wp-content\/uploads\/2025\/10\/na-ponta-265x331.jpg\" class=\"woo-entry-image-main\" alt=\"Livro Col\u00e9gio Santa Teresinha &#8211; 4\u00ba ano\" itemprop=\"image\" \/><\/a><a href=\"#\" id=\"product_id_3178\" class=\"owp-quick-view\" data-product_id=\"3178\" aria-label=\"Pr\u00e9-visualiza\u00e7\u00e3o r\u00e1pida do produto Livro Col\u00e9gio Santa Teresinha - 4\u00ba ano\"><i class=\" icon-eye\" aria-hidden=\"true\" role=\"img\"><\/i> Visualiza\u00e7\u00e3o r\u00e1pida<\/a>\t<\/div><!-- .woo-entry-image -->\r\n\r\n<ul class=\"woo-entry-inner clr\"><li class=\"image-wrap\">\r\n\t<div class=\"woo-entry-image clr\">\r\n\t\t<a href=\"https:\/\/canal6.com.br\/livraria\/produto\/livros-colegio-santa-teresinha-santo-antonio-da-patrulha-rs\/\" class=\"woocommerce-LoopProduct-link\"><img loading=\"lazy\" decoding=\"async\" width=\"265\" height=\"331\" src=\"https:\/\/canal6.com.br\/livraria\/wp-content\/uploads\/2025\/10\/na-ponta-265x331.jpg\" class=\"woo-entry-image-main\" alt=\"Livro Col\u00e9gio Santa Teresinha &#8211; 4\u00ba ano\" itemprop=\"image\" \/><\/a><a href=\"#\" id=\"product_id_3178\" class=\"owp-quick-view\" data-product_id=\"3178\" aria-label=\"Pr\u00e9-visualiza\u00e7\u00e3o r\u00e1pida do produto Livro Col\u00e9gio Santa Teresinha - 4\u00ba ano\"><i class=\" icon-eye\" aria-hidden=\"true\" role=\"img\"><\/i> Visualiza\u00e7\u00e3o r\u00e1pida<\/a>\t<\/div><!-- .woo-entry-image -->\r\n\r\n<\/li><li class=\"category\"><a href=\"https:\/\/canal6.com.br\/livraria\/categoria-produto\/semeandoautores\/\" rel=\"tag\">Semeando Autores<\/a><\/li><li class=\"title\"><h2><a href=\"https:\/\/canal6.com.br\/livraria\/produto\/livros-colegio-santa-teresinha-santo-antonio-da-patrulha-rs\/\">Livro Col\u00e9gio Santa Teresinha &#8211; 4\u00ba ano<\/a><\/h2><\/li><li class=\"price-wrap\">\n\t<span class=\"price\"><span class=\"woocommerce-Price-amount amount\"><bdi><span class=\"woocommerce-Price-currencySymbol\">&#82;&#36;<\/span>&nbsp;47,00<\/bdi><\/span><\/span>\n<\/li><li class=\"btn-wrap clr\"><a href=\"\/livraria\/wp-json\/wp\/v2\/pages\/1431?add-to-cart=3178\" aria-describedby=\"woocommerce_loop_add_to_cart_link_describedby_3178\" data-quantity=\"1\" class=\"button product_type_simple add_to_cart_button ajax_add_to_cart\" data-product_id=\"3178\" data-product_sku=\"STA_TERES\" aria-label=\"Adicione ao carrinho: &ldquo;Livro Col\u00e9gio Santa Teresinha - 4\u00ba ano&rdquo;\" rel=\"nofollow\" data-success_message=\"\u201cLivro Col\u00e9gio Santa Teresinha - 4\u00ba ano\u201d foi adicionado ao seu carrinho\">Adicionar ao carrinho<\/a>\t<span id=\"woocommerce_loop_add_to_cart_link_describedby_3178\" class=\"screen-reader-text\">\n\t\t\t<\/span>\n<\/li><\/ul><\/div><!-- .product-inner .clr --><\/li>\n<li class=\"entry has-media col span_1_of_4 owp-content-center item-entry owp-thumbs-layout-horizontal owp-btn-big owp-tabs-layout-horizontal has-no-thumbnails product type-product post-3395 status-publish instock product_cat-dia-das-maes product_cat-semeandoautores has-post-thumbnail shipping-taxable purchasable product-type-simple\">\n\t<div class=\"product-inner clr\">\r\n\t<div class=\"woo-entry-image clr\">\r\n\t\t<a href=\"https:\/\/canal6.com.br\/livraria\/produto\/minha-mae-e-assim\/\" class=\"woocommerce-LoopProduct-link\"><img loading=\"lazy\" decoding=\"async\" width=\"265\" height=\"331\" src=\"https:\/\/canal6.com.br\/livraria\/wp-content\/uploads\/2026\/01\/CAPA_G1-265x331.jpg\" class=\"woo-entry-image-main\" alt=\"Minha m\u00e3e \u00e9 assim! Livro padr\u00e3o\" itemprop=\"image\" \/><\/a><a href=\"#\" id=\"product_id_3395\" class=\"owp-quick-view\" data-product_id=\"3395\" aria-label=\"Pr\u00e9-visualiza\u00e7\u00e3o r\u00e1pida do produto Minha m\u00e3e \u00e9 assim! Livro padr\u00e3o\"><i class=\" icon-eye\" aria-hidden=\"true\" role=\"img\"><\/i> Visualiza\u00e7\u00e3o r\u00e1pida<\/a>\t<\/div><!-- .woo-entry-image -->\r\n\r\n<ul class=\"woo-entry-inner clr\"><li class=\"image-wrap\">\r\n\t<div class=\"woo-entry-image clr\">\r\n\t\t<a href=\"https:\/\/canal6.com.br\/livraria\/produto\/minha-mae-e-assim\/\" class=\"woocommerce-LoopProduct-link\"><img loading=\"lazy\" decoding=\"async\" width=\"265\" height=\"331\" src=\"https:\/\/canal6.com.br\/livraria\/wp-content\/uploads\/2026\/01\/CAPA_G1-265x331.jpg\" class=\"woo-entry-image-main\" alt=\"Minha m\u00e3e \u00e9 assim! Livro padr\u00e3o\" itemprop=\"image\" \/><\/a><a href=\"#\" id=\"product_id_3395\" class=\"owp-quick-view\" data-product_id=\"3395\" aria-label=\"Pr\u00e9-visualiza\u00e7\u00e3o r\u00e1pida do produto Minha m\u00e3e \u00e9 assim! Livro padr\u00e3o\"><i class=\" icon-eye\" aria-hidden=\"true\" role=\"img\"><\/i> Visualiza\u00e7\u00e3o r\u00e1pida<\/a>\t<\/div><!-- .woo-entry-image -->\r\n\r\n<\/li><li class=\"category\"><a href=\"https:\/\/canal6.com.br\/livraria\/categoria-produto\/semeandoautores\/dia-das-maes\/\" rel=\"tag\">Dia das M\u00e3es<\/a>, <a href=\"https:\/\/canal6.com.br\/livraria\/categoria-produto\/semeandoautores\/\" rel=\"tag\">Semeando Autores<\/a><\/li><li class=\"title\"><h2><a href=\"https:\/\/canal6.com.br\/livraria\/produto\/minha-mae-e-assim\/\">Minha m\u00e3e \u00e9 assim! Livro padr\u00e3o<\/a><\/h2><\/li><li class=\"price-wrap\">\n\t<span class=\"price\"><span class=\"woocommerce-Price-amount amount\"><bdi><span class=\"woocommerce-Price-currencySymbol\">&#82;&#36;<\/span>&nbsp;27,90<\/bdi><\/span><\/span>\n<\/li><li class=\"btn-wrap clr\"><a href=\"https:\/\/canal6.com.br\/livraria\/produto\/minha-mae-e-assim\/\" aria-describedby=\"woocommerce_loop_add_to_cart_link_describedby_3395\" data-quantity=\"1\" class=\"button product_type_simple add_to_cart_button\" data-product_id=\"3395\" data-product_sku=\"9786553281721_1\" aria-label=\"Adicione ao carrinho: &ldquo;Minha m\u00e3e \u00e9 assim! Livro padr\u00e3o&rdquo;\" rel=\"nofollow\" data-success_message=\"\u201cMinha m\u00e3e \u00e9 assim! Livro padr\u00e3o\u201d foi adicionado ao seu carrinho\">COMPRAR<\/a>\t<span id=\"woocommerce_loop_add_to_cart_link_describedby_3395\" class=\"screen-reader-text\">\n\t\t\t<\/span>\n<\/li><\/ul><\/div><!-- .product-inner .clr --><\/li>\n<li class=\"entry has-media col span_1_of_4 owp-content-center item-entry owp-thumbs-layout-horizontal owp-btn-big owp-tabs-layout-horizontal has-no-thumbnails product type-product post-3419 status-publish instock product_cat-dia-das-maes product_cat-semeandoautores has-post-thumbnail shipping-taxable purchasable product-type-simple\">\n\t<div class=\"product-inner clr\">\r\n\t<div class=\"woo-entry-image clr\">\r\n\t\t<a href=\"https:\/\/canal6.com.br\/livraria\/produto\/minha-mae-e-assim-livro-personalizado\/\" class=\"woocommerce-LoopProduct-link\"><img loading=\"lazy\" decoding=\"async\" width=\"265\" height=\"331\" src=\"https:\/\/canal6.com.br\/livraria\/wp-content\/uploads\/2026\/01\/pers-265x331.jpg\" class=\"woo-entry-image-main\" alt=\"Minha m\u00e3e \u00e9 assim! Livro personalizado\" itemprop=\"image\" \/><\/a><a href=\"#\" id=\"product_id_3419\" class=\"owp-quick-view\" data-product_id=\"3419\" aria-label=\"Pr\u00e9-visualiza\u00e7\u00e3o r\u00e1pida do produto Minha m\u00e3e \u00e9 assim! Livro personalizado\"><i class=\" icon-eye\" aria-hidden=\"true\" role=\"img\"><\/i> Visualiza\u00e7\u00e3o r\u00e1pida<\/a>\t<\/div><!-- .woo-entry-image -->\r\n\r\n<ul class=\"woo-entry-inner clr\"><li class=\"image-wrap\">\r\n\t<div class=\"woo-entry-image clr\">\r\n\t\t<a href=\"https:\/\/canal6.com.br\/livraria\/produto\/minha-mae-e-assim-livro-personalizado\/\" class=\"woocommerce-LoopProduct-link\"><img loading=\"lazy\" decoding=\"async\" width=\"265\" height=\"331\" src=\"https:\/\/canal6.com.br\/livraria\/wp-content\/uploads\/2026\/01\/pers-265x331.jpg\" class=\"woo-entry-image-main\" alt=\"Minha m\u00e3e \u00e9 assim! Livro personalizado\" itemprop=\"image\" \/><\/a><a href=\"#\" id=\"product_id_3419\" class=\"owp-quick-view\" data-product_id=\"3419\" aria-label=\"Pr\u00e9-visualiza\u00e7\u00e3o r\u00e1pida do produto Minha m\u00e3e \u00e9 assim! Livro personalizado\"><i class=\" icon-eye\" aria-hidden=\"true\" role=\"img\"><\/i> Visualiza\u00e7\u00e3o r\u00e1pida<\/a>\t<\/div><!-- .woo-entry-image -->\r\n\r\n<\/li><li class=\"category\"><a href=\"https:\/\/canal6.com.br\/livraria\/categoria-produto\/semeandoautores\/dia-das-maes\/\" rel=\"tag\">Dia das M\u00e3es<\/a>, <a href=\"https:\/\/canal6.com.br\/livraria\/categoria-produto\/semeandoautores\/\" rel=\"tag\">Semeando Autores<\/a><\/li><li class=\"title\"><h2><a href=\"https:\/\/canal6.com.br\/livraria\/produto\/minha-mae-e-assim-livro-personalizado\/\">Minha m\u00e3e \u00e9 assim! Livro personalizado<\/a><\/h2><\/li><li class=\"price-wrap\">\n\t<span class=\"price\"><span class=\"woocommerce-Price-amount amount\"><bdi><span class=\"woocommerce-Price-currencySymbol\">&#82;&#36;<\/span>&nbsp;34,90<\/bdi><\/span><\/span>\n<\/li><li class=\"btn-wrap clr\"><a href=\"https:\/\/canal6.com.br\/livraria\/produto\/minha-mae-e-assim-livro-personalizado\/\" aria-describedby=\"woocommerce_loop_add_to_cart_link_describedby_3419\" data-quantity=\"1\" class=\"button product_type_simple add_to_cart_button\" data-product_id=\"3419\" data-product_sku=\"9786553281721_2\" aria-label=\"Adicione ao carrinho: &ldquo;Minha m\u00e3e \u00e9 assim! Livro personalizado&rdquo;\" rel=\"nofollow\" data-success_message=\"\u201cMinha m\u00e3e \u00e9 assim! Livro personalizado\u201d foi adicionado ao seu carrinho\">COMPRAR<\/a>\t<span id=\"woocommerce_loop_add_to_cart_link_describedby_3419\" class=\"screen-reader-text\">\n\t\t\t<\/span>\n<\/li><\/ul><\/div><!-- .product-inner .clr --><\/li>\n<\/ul>\n<\/div>\n","protected":false},"excerpt":{"rendered":"","protected":false},"author":1,"featured_media":0,"parent":0,"menu_order":0,"comment_status":"closed","ping_status":"closed","template":"","meta":{"ocean_post_layout":"","ocean_both_sidebars_style":"","ocean_both_sidebars_content_width":0,"ocean_both_sidebars_sidebars_width":0,"ocean_sidebar":"","ocean_second_sidebar":"","ocean_disable_margins":"enable","ocean_add_body_class":"","ocean_shortcode_before_top_bar":"","ocean_shortcode_after_top_bar":"","ocean_shortcode_before_header":"","ocean_shortcode_after_header":"","ocean_has_shortcode":"","ocean_shortcode_after_title":"","ocean_shortcode_before_footer_widgets":"","ocean_shortcode_after_footer_widgets":"","ocean_shortcode_before_footer_bottom":"","ocean_shortcode_after_footer_bottom":"","ocean_display_top_bar":"default","ocean_display_header":"default","ocean_header_style":"","ocean_center_header_left_menu":"","ocean_custom_header_template":"","ocean_custom_logo":0,"ocean_custom_retina_logo":0,"ocean_custom_logo_max_width":0,"ocean_custom_logo_tablet_max_width":0,"ocean_custom_logo_mobile_max_width":0,"ocean_custom_logo_max_height":0,"ocean_custom_logo_tablet_max_height":0,"ocean_custom_logo_mobile_max_height":0,"ocean_header_custom_menu":"","ocean_menu_typo_font_family":"","ocean_menu_typo_font_subset":"","ocean_menu_typo_font_size":0,"ocean_menu_typo_font_size_tablet":0,"ocean_menu_typo_font_size_mobile":0,"ocean_menu_typo_font_size_unit":"px","ocean_menu_typo_font_weight":"","ocean_menu_typo_font_weight_tablet":"","ocean_menu_typo_font_weight_mobile":"","ocean_menu_typo_transform":"","ocean_menu_typo_transform_tablet":"","ocean_menu_typo_transform_mobile":"","ocean_menu_typo_line_height":0,"ocean_menu_typo_line_height_tablet":0,"ocean_menu_typo_line_height_mobile":0,"ocean_menu_typo_line_height_unit":"","ocean_menu_typo_spacing":0,"ocean_menu_typo_spacing_tablet":0,"ocean_menu_typo_spacing_mobile":0,"ocean_menu_typo_spacing_unit":"","ocean_menu_link_color":"","ocean_menu_link_color_hover":"","ocean_menu_link_color_active":"","ocean_menu_link_background":"","ocean_menu_link_hover_background":"","ocean_menu_link_active_background":"","ocean_menu_social_links_bg":"","ocean_menu_social_hover_links_bg":"","ocean_menu_social_links_color":"","ocean_menu_social_hover_links_color":"","ocean_disable_title":"default","ocean_disable_heading":"enable","ocean_post_title":"Semeando Autores","ocean_post_subheading":"Os livros abaixo s\u00e3o de escolas participantes do projeto\u00a0e est\u00e3o \u00e0 venda por tempo limitado.","ocean_post_title_style":"background-image","ocean_post_title_background_color":"","ocean_post_title_background":1488,"ocean_post_title_bg_image_position":"center center","ocean_post_title_bg_image_attachment":"","ocean_post_title_bg_image_repeat":"no-repeat","ocean_post_title_bg_image_size":"","ocean_post_title_height":270,"ocean_post_title_bg_overlay":0.2,"ocean_post_title_bg_overlay_color":"","ocean_disable_breadcrumbs":"default","ocean_breadcrumbs_color":"","ocean_breadcrumbs_separator_color":"","ocean_breadcrumbs_links_color":"","ocean_breadcrumbs_links_hover_color":"","ocean_display_footer_widgets":"default","ocean_display_footer_bottom":"default","ocean_custom_footer_template":"","footnotes":""},"class_list":["post-1431","page","type-page","status-publish","hentry","entry","owp-thumbs-layout-horizontal","owp-btn-big","owp-tabs-layout-horizontal","has-no-thumbnails"],"_links":{"self":[{"href":"https:\/\/canal6.com.br\/livraria\/wp-json\/wp\/v2\/pages\/1431","targetHints":{"allow":["GET"]}}],"collection":[{"href":"https:\/\/canal6.com.br\/livraria\/wp-json\/wp\/v2\/pages"}],"about":[{"href":"https:\/\/canal6.com.br\/livraria\/wp-json\/wp\/v2\/types\/page"}],"author":[{"embeddable":true,"href":"https:\/\/canal6.com.br\/livraria\/wp-json\/wp\/v2\/users\/1"}],"replies":[{"embeddable":true,"href":"https:\/\/canal6.com.br\/livraria\/wp-json\/wp\/v2\/comments?post=1431"}],"version-history":[{"count":13,"href":"https:\/\/canal6.com.br\/livraria\/wp-json\/wp\/v2\/pages\/1431\/revisions"}],"predecessor-version":[{"id":1492,"href":"https:\/\/canal6.com.br\/livraria\/wp-json\/wp\/v2\/pages\/1431\/revisions\/1492"}],"wp:attachment":[{"href":"https:\/\/canal6.com.br\/livraria\/wp-json\/wp\/v2\/media?parent=1431"}],"curies":[{"name":"wp","href":"https:\/\/api.w.org\/{rel}","templated":true}]}}